{"id":119,"date":"2025-01-14T14:46:55","date_gmt":"2025-01-14T19:46:55","guid":{"rendered":"https:\/\/systech-hebergement.com\/?page_id=119"},"modified":"2026-02-20T10:34:17","modified_gmt":"2026-02-20T15:34:17","slug":"page-d-exemple","status":"publish","type":"page","link":"https:\/\/systech-hebergement.com\/en\/","title":{"rendered":"Home"},"content":{"rendered":"\r\n<div class=\"our-services-header-text\">\r\n<p>H\u00e9bergement web : la fiabilit\u00e9 et la performance au coeur de votre pr\u00e9sence num\u00e9rique<\/p>\r\n<\/div>\r\n","protected":false},"excerpt":{"rendered":"<p>H\u00e9bergement web : la fiabilit\u00e9 et la performance au coeur de votre pr\u00e9sence num\u00e9rique<\/p>\n","protected":false},"author":1,"featured_media":0,"parent":0,"menu_order":0,"comment_status":"closed","ping_status":"open","template":"template-home.php","meta":{"_acf_changed":false,"content-type":"","inline_featured_image":false,"footnotes":""},"class_list":["post-119","page","type-page","status-publish","hentry","tag-adaptabilite-en","tag-fiabilite-en","tag-securite-en","tag-support-technique-en"],"acf":[],"yoast_head":"<!-- This site is optimized with the Yoast SEO plugin v27.0 - https:\/\/yoast.com\/product\/yoast-seo-wordpress\/ -->\n<title>Home - Systech<\/title>\n<meta name=\"robots\" content=\"index, follow, max-snippet:-1, max-image-preview:large, max-video-preview:-1\" \/>\n<link rel=\"canonical\" href=\"https:\/\/systech-hebergement.com\/\" \/>\n<meta property=\"og:locale\" content=\"en_US\" \/>\n<meta property=\"og:type\" content=\"article\" \/>\n<meta property=\"og:title\" content=\"Home - Systech\" \/>\n<meta property=\"og:description\" content=\"H\u00e9bergement web : la fiabilit\u00e9 et la performance au coeur de votre pr\u00e9sence num\u00e9rique\" \/>\n<meta property=\"og:url\" content=\"https:\/\/systech-hebergement.com\/\" \/>\n<meta property=\"og:site_name\" content=\"Systech\" \/>\n<meta property=\"article:modified_time\" content=\"2026-02-20T15:34:17+00:00\" \/>\n<meta name=\"twitter:card\" content=\"summary_large_image\" \/>\n<script type=\"application\/ld+json\" class=\"yoast-schema-graph\">{\"@context\":\"https:\/\/schema.org\",\"@graph\":[{\"@type\":\"WebPage\",\"@id\":\"https:\/\/systech-hebergement.com\/\",\"url\":\"https:\/\/systech-hebergement.com\/\",\"name\":\"Home - Systech\",\"isPartOf\":{\"@id\":\"https:\/\/systech-hebergement.com\/#website\"},\"datePublished\":\"2025-01-14T19:46:55+00:00\",\"dateModified\":\"2026-02-20T15:34:17+00:00\",\"breadcrumb\":{\"@id\":\"https:\/\/systech-hebergement.com\/#breadcrumb\"},\"inLanguage\":\"en-US\",\"potentialAction\":[{\"@type\":\"ReadAction\",\"target\":[\"https:\/\/systech-hebergement.com\/\"]}]},{\"@type\":\"BreadcrumbList\",\"@id\":\"https:\/\/systech-hebergement.com\/#breadcrumb\",\"itemListElement\":[{\"@type\":\"ListItem\",\"position\":1,\"name\":\"Home\",\"item\":\"https:\/\/systech-hebergement.com\/\"},{\"@type\":\"ListItem\",\"position\":2,\"name\":\"Home\"}]},{\"@type\":\"WebSite\",\"@id\":\"https:\/\/systech-hebergement.com\/#website\",\"url\":\"https:\/\/systech-hebergement.com\/\",\"name\":\"Systech\",\"description\":\"H\u00e9bergement et exploitation de solution\",\"potentialAction\":[{\"@type\":\"SearchAction\",\"target\":{\"@type\":\"EntryPoint\",\"urlTemplate\":\"https:\/\/systech-hebergement.com\/?s={search_term_string}\"},\"query-input\":{\"@type\":\"PropertyValueSpecification\",\"valueRequired\":true,\"valueName\":\"search_term_string\"}}],\"inLanguage\":\"en-US\"}]}<\/script>\n<!-- \/ Yoast SEO plugin. -->","yoast_head_json":{"title":"Home - Systech","robots":{"index":"index","follow":"follow","max-snippet":"max-snippet:-1","max-image-preview":"max-image-preview:large","max-video-preview":"max-video-preview:-1"},"canonical":"https:\/\/systech-hebergement.com\/","og_locale":"en_US","og_type":"article","og_title":"Home - Systech","og_description":"H\u00e9bergement web : la fiabilit\u00e9 et la performance au coeur de votre pr\u00e9sence num\u00e9rique","og_url":"https:\/\/systech-hebergement.com\/","og_site_name":"Systech","article_modified_time":"2026-02-20T15:34:17+00:00","twitter_card":"summary_large_image","schema":{"@context":"https:\/\/schema.org","@graph":[{"@type":"WebPage","@id":"https:\/\/systech-hebergement.com\/","url":"https:\/\/systech-hebergement.com\/","name":"Home - Systech","isPartOf":{"@id":"https:\/\/systech-hebergement.com\/#website"},"datePublished":"2025-01-14T19:46:55+00:00","dateModified":"2026-02-20T15:34:17+00:00","breadcrumb":{"@id":"https:\/\/systech-hebergement.com\/#breadcrumb"},"inLanguage":"en-US","potentialAction":[{"@type":"ReadAction","target":["https:\/\/systech-hebergement.com\/"]}]},{"@type":"BreadcrumbList","@id":"https:\/\/systech-hebergement.com\/#breadcrumb","itemListElement":[{"@type":"ListItem","position":1,"name":"Home","item":"https:\/\/systech-hebergement.com\/"},{"@type":"ListItem","position":2,"name":"Home"}]},{"@type":"WebSite","@id":"https:\/\/systech-hebergement.com\/#website","url":"https:\/\/systech-hebergement.com\/","name":"Systech","description":"H\u00e9bergement et exploitation de solution","potentialAction":[{"@type":"SearchAction","target":{"@type":"EntryPoint","urlTemplate":"https:\/\/systech-hebergement.com\/?s={search_term_string}"},"query-input":{"@type":"PropertyValueSpecification","valueRequired":true,"valueName":"search_term_string"}}],"inLanguage":"en-US"}]}},"_links":{"self":[{"href":"https:\/\/systech-hebergement.com\/en\/wp-json\/wp\/v2\/pages\/119","targetHints":{"allow":["GET"]}}],"collection":[{"href":"https:\/\/systech-hebergement.com\/en\/wp-json\/wp\/v2\/pages"}],"about":[{"href":"https:\/\/systech-hebergement.com\/en\/wp-json\/wp\/v2\/types\/page"}],"author":[{"embeddable":true,"href":"https:\/\/systech-hebergement.com\/en\/wp-json\/wp\/v2\/users\/1"}],"replies":[{"embeddable":true,"href":"https:\/\/systech-hebergement.com\/en\/wp-json\/wp\/v2\/comments?post=119"}],"version-history":[{"count":3,"href":"https:\/\/systech-hebergement.com\/en\/wp-json\/wp\/v2\/pages\/119\/revisions"}],"predecessor-version":[{"id":178,"href":"https:\/\/systech-hebergement.com\/en\/wp-json\/wp\/v2\/pages\/119\/revisions\/178"}],"wp:attachment":[{"href":"https:\/\/systech-hebergement.com\/en\/wp-json\/wp\/v2\/media?parent=119"}],"curies":[{"name":"wp","href":"https:\/\/api.w.org\/{rel}","templated":true}]}}